{"id":9670,"date":"2022-11-30T12:18:00","date_gmt":"2022-11-30T12:18:00","guid":{"rendered":"https:\/\/foodsco.ci\/?page_id=9670"},"modified":"2022-11-30T13:31:54","modified_gmt":"2022-11-30T13:31:54","slug":"cashew-connect","status":"publish","type":"page","link":"https:\/\/foodsco.ci\/fr\/cashew-connect\/","title":{"rendered":"Cashew Connect"},"content":{"rendered":"<div data-elementor-type=\"wp-page\" data-elementor-id=\"9670\" class=\"elementor elementor-9670\" data-elementor-post-type=\"page\">\n\t\t\t\t\t\t<section class=\"elementor-section elementor-top-section elementor-element elementor-element-21ccad9 elementor-section-boxed elementor-section-height-default elementor-section-height-default\" data-id=\"21ccad9\" data-element_type=\"section\">\n\t\t\t\t\t\t<div class=\"elementor-container elementor-column-gap-default\">\n\t\t\t\t\t<div class=\"elementor-column elementor-col-100 elementor-top-column elementor-element elementor-element-058eb1c\" data-id=\"058eb1c\" data-element_type=\"column\">\n\t\t\t<div class=\"elementor-widget-wrap elementor-element-populated\">\n\t\t\t\t\t\t<div class=\"elementor-element elementor-element-dc4bee3 elementor-widget elementor-widget-image\" data-id=\"dc4bee3\" data-element_type=\"widget\" data-widget_type=\"image.default\">\n\t\t\t\t<div class=\"elementor-widget-container\">\n\t\t\t\t\t\t\t\t\t\t\t\t\t\t\t<img fetchpriority=\"high\" decoding=\"async\" width=\"1024\" height=\"276\" src=\"https:\/\/foodsco.ci\/wp-content\/uploads\/2022\/11\/LOGO-COLOUR-1024x276.png\" class=\"attachment-large size-large wp-image-9674\" alt=\"\" srcset=\"https:\/\/foodsco.ci\/wp-content\/uploads\/2022\/11\/LOGO-COLOUR-1024x276.png 1024w, https:\/\/foodsco.ci\/wp-content\/uploads\/2022\/11\/LOGO-COLOUR-300x81.png 300w, https:\/\/foodsco.ci\/wp-content\/uploads\/2022\/11\/LOGO-COLOUR-768x207.png 768w, https:\/\/foodsco.ci\/wp-content\/uploads\/2022\/11\/LOGO-COLOUR-1536x414.png 1536w, https:\/\/foodsco.ci\/wp-content\/uploads\/2022\/11\/LOGO-COLOUR-2048x552.png 2048w, https:\/\/foodsco.ci\/wp-content\/uploads\/2022\/11\/LOGO-COLOUR-18x5.png 18w\" sizes=\"(max-width: 1024px) 100vw, 1024px\" \/>\t\t\t\t\t\t\t\t\t\t\t\t\t\t\t<\/div>\n\t\t\t\t<\/div>\n\t\t\t\t\t<\/div>\n\t\t<\/div>\n\t\t\t\t\t<\/div>\n\t\t<\/section>\n\t\t\t\t<section class=\"elementor-section elementor-top-section elementor-element elementor-element-f73a918 elementor-section-boxed elementor-section-height-default elementor-section-height-default\" data-id=\"f73a918\" data-element_type=\"section\">\n\t\t\t\t\t\t<div class=\"elementor-container elementor-column-gap-default\">\n\t\t\t\t\t<div class=\"elementor-column elementor-col-100 elementor-top-column elementor-element elementor-element-b4424ab\" data-id=\"b4424ab\" data-element_type=\"column\">\n\t\t\t<div class=\"elementor-widget-wrap elementor-element-populated\">\n\t\t\t\t\t\t<div class=\"elementor-element elementor-element-19c87ea elementor-widget elementor-widget-spacer\" data-id=\"19c87ea\" data-element_type=\"widget\" data-widget_type=\"spacer.default\">\n\t\t\t\t<div class=\"elementor-widget-container\">\n\t\t\t\t\t\t\t<div class=\"elementor-spacer\">\n\t\t\t<div class=\"elementor-spacer-inner\"><\/div>\n\t\t<\/div>\n\t\t\t\t\t\t<\/div>\n\t\t\t\t<\/div>\n\t\t\t\t\t<\/div>\n\t\t<\/div>\n\t\t\t\t\t<\/div>\n\t\t<\/section>\n\t\t\t\t<section class=\"elementor-section elementor-top-section elementor-element elementor-element-35eb24e elementor-section-stretched elementor-section-boxed elementor-section-height-default elementor-section-height-default\" data-id=\"35eb24e\" data-element_type=\"section\" data-settings=\"{&quot;stretch_section&quot;:&quot;section-stretched&quot;}\">\n\t\t\t\t\t\t<div class=\"elementor-container elementor-column-gap-default\">\n\t\t\t\t\t<div class=\"elementor-column elementor-col-100 elementor-top-column elementor-element elementor-element-e3cacc6\" data-id=\"e3cacc6\" data-element_type=\"column\">\n\t\t\t<div class=\"elementor-widget-wrap elementor-element-populated\">\n\t\t\t\t\t\t<div class=\"elementor-element elementor-element-c7767ba elementor-widget elementor-widget-heading\" data-id=\"c7767ba\" data-element_type=\"widget\" data-widget_type=\"heading.default\">\n\t\t\t\t<div class=\"elementor-widget-container\">\n\t\t\t\t\t<h1 class=\"elementor-heading-title elementor-size-default\">\u00ab\u00a0Cashew Connect\u00a0\u00bb, le Salon qui vise l\u2019acc\u00e8s du cajou ivoirien au march\u00e9 britannique<\/h1>\t\t\t\t<\/div>\n\t\t\t\t<\/div>\n\t\t\t\t\t<\/div>\n\t\t<\/div>\n\t\t\t\t\t<\/div>\n\t\t<\/section>\n\t\t\t\t<section class=\"elementor-section elementor-top-section elementor-element elementor-element-705caed elementor-section-boxed elementor-section-height-default elementor-section-height-default\" data-id=\"705caed\" data-element_type=\"section\">\n\t\t\t\t\t\t<div class=\"elementor-container elementor-column-gap-default\">\n\t\t\t\t\t<div class=\"elementor-column elementor-col-100 elementor-top-column elementor-element elementor-element-7dcefe1\" data-id=\"7dcefe1\" data-element_type=\"column\">\n\t\t\t<div class=\"elementor-widget-wrap elementor-element-populated\">\n\t\t\t\t\t\t<div class=\"elementor-element elementor-element-a3f84dc elementor-widget elementor-widget-spacer\" data-id=\"a3f84dc\" data-element_type=\"widget\" data-widget_type=\"spacer.default\">\n\t\t\t\t<div class=\"elementor-widget-container\">\n\t\t\t\t\t\t\t<div class=\"elementor-spacer\">\n\t\t\t<div class=\"elementor-spacer-inner\"><\/div>\n\t\t<\/div>\n\t\t\t\t\t\t<\/div>\n\t\t\t\t<\/div>\n\t\t\t\t\t<\/div>\n\t\t<\/div>\n\t\t\t\t\t<\/div>\n\t\t<\/section>\n\t\t\t\t<section class=\"elementor-section elementor-top-section elementor-element elementor-element-fa2f0ee elementor-section-stretched elementor-section-boxed elementor-section-height-default elementor-section-height-default\" data-id=\"fa2f0ee\" data-element_type=\"section\" data-settings=\"{&quot;stretch_section&quot;:&quot;section-stretched&quot;}\">\n\t\t\t\t\t\t<div class=\"elementor-container elementor-column-gap-default\">\n\t\t\t\t\t<div class=\"elementor-column elementor-col-50 elementor-top-column elementor-element elementor-element-22e1b41\" data-id=\"22e1b41\" data-element_type=\"column\">\n\t\t\t<div class=\"elementor-widget-wrap elementor-element-populated\">\n\t\t\t\t\t\t<div class=\"elementor-element elementor-element-7eb9e9c elementor-widget elementor-widget-image\" data-id=\"7eb9e9c\" data-element_type=\"widget\" data-widget_type=\"image.default\">\n\t\t\t\t<div class=\"elementor-widget-container\">\n\t\t\t\t\t\t\t\t\t\t\t\t\t\t\t<img decoding=\"async\" width=\"649\" height=\"633\" src=\"https:\/\/foodsco.ci\/wp-content\/uploads\/2022\/11\/LOGO-COLOUR-1.png\" class=\"attachment-large size-large wp-image-9687\" alt=\"\" srcset=\"https:\/\/foodsco.ci\/wp-content\/uploads\/2022\/11\/LOGO-COLOUR-1.png 649w, https:\/\/foodsco.ci\/wp-content\/uploads\/2022\/11\/LOGO-COLOUR-1-300x293.png 300w, https:\/\/foodsco.ci\/wp-content\/uploads\/2022\/11\/LOGO-COLOUR-1-12x12.png 12w\" sizes=\"(max-width: 649px) 100vw, 649px\" \/>\t\t\t\t\t\t\t\t\t\t\t\t\t\t\t<\/div>\n\t\t\t\t<\/div>\n\t\t\t\t<div class=\"elementor-element elementor-element-8731e53 elementor-widget elementor-widget-heading\" data-id=\"8731e53\" data-element_type=\"widget\" data-widget_type=\"heading.default\">\n\t\t\t\t<div class=\"elementor-widget-container\">\n\t\t\t\t\t<h2 class=\"elementor-heading-title elementor-size-default\">FOODS'CO au \u00abCashew Connect\u00bb C\u00f4te d'Ivoire du 24 au 25 novembre \u00e0 l'auditorium de l'immeuble Caistab au Plateau<\/h2>\t\t\t\t<\/div>\n\t\t\t\t<\/div>\n\t\t\t\t\t<\/div>\n\t\t<\/div>\n\t\t\t\t<div class=\"elementor-column elementor-col-50 elementor-top-column elementor-element elementor-element-a10860f\" data-id=\"a10860f\" data-element_type=\"column\">\n\t\t\t<div class=\"elementor-widget-wrap elementor-element-populated\">\n\t\t\t\t\t\t<div class=\"elementor-element elementor-element-a58f3ae elementor-widget elementor-widget-image\" data-id=\"a58f3ae\" data-element_type=\"widget\" data-widget_type=\"image.default\">\n\t\t\t\t<div class=\"elementor-widget-container\">\n\t\t\t\t\t\t\t\t\t\t\t\t\t\t\t<img decoding=\"async\" width=\"1024\" height=\"768\" src=\"https:\/\/foodsco.ci\/wp-content\/uploads\/2022\/11\/index.jpg\" class=\"attachment-large size-large wp-image-9682\" alt=\"\" srcset=\"https:\/\/foodsco.ci\/wp-content\/uploads\/2022\/11\/index.jpg 1024w, https:\/\/foodsco.ci\/wp-content\/uploads\/2022\/11\/index-300x225.jpg 300w, https:\/\/foodsco.ci\/wp-content\/uploads\/2022\/11\/index-768x576.jpg 768w, https:\/\/foodsco.ci\/wp-content\/uploads\/2022\/11\/index-16x12.jpg 16w\" sizes=\"(max-width: 1024px) 100vw, 1024px\" \/>\t\t\t\t\t\t\t\t\t\t\t\t\t\t\t<\/div>\n\t\t\t\t<\/div>\n\t\t\t\t\t<\/div>\n\t\t<\/div>\n\t\t\t\t\t<\/div>\n\t\t<\/section>\n\t\t\t\t<section class=\"elementor-section elementor-top-section elementor-element elementor-element-0a79858 elementor-section-boxed elementor-section-height-default elementor-section-height-default\" data-id=\"0a79858\" data-element_type=\"section\">\n\t\t\t\t\t\t<div class=\"elementor-container elementor-column-gap-default\">\n\t\t\t\t\t<div class=\"elementor-column elementor-col-100 elementor-top-column elementor-element elementor-element-8d7c8b2\" data-id=\"8d7c8b2\" data-element_type=\"column\">\n\t\t\t<div class=\"elementor-widget-wrap elementor-element-populated\">\n\t\t\t\t\t\t<div class=\"elementor-element elementor-element-2583f5b elementor-widget elementor-widget-text-editor\" data-id=\"2583f5b\" data-element_type=\"widget\" data-widget_type=\"text-editor.default\">\n\t\t\t\t<div class=\"elementor-widget-container\">\n\t\t\t\t\t\t\t\t\t<p style=\"text-align: justify; font-size: 30px; line-height: 45px;\">Producteurs, transformateurs, exportateurs, investisseurs, partenaires techniques et financiers, se sont retrouv\u00e9s \u00e0 Abidjan autour de \u00ab\u00a0Cashew connect C\u00f4te d\u2019Ivoire\u00a0\u00bb. C\u2019est un Salon de 2 jours (24 et 25 novembre) voulu conjointement par le Royaume-Uni \u00e0 travers son projet United Kingdom Trade Partnerships Programme (UKTP) ou Programme de Partenariat Commercial et le gouvernement ivoirien, par le truchement du Conseil du coton et de l\u2019anacarde (CCA). Hormis l\u2019exposition d\u2019amandes et autres d\u00e9riv\u00e9s du cajou, 4 panels ont pr\u00e9sent\u00e9 la cha\u00eene des valeurs de l\u2019anacarde ivoirien. notamment, l\u2019\u00e9volution de son industrie. Les objectifs vis\u00e9s sont multiples. Montrer le savoir-faire du pays en mati\u00e8re.<\/p>\t\t\t\t\t\t\t\t<\/div>\n\t\t\t\t<\/div>\n\t\t\t\t\t<\/div>\n\t\t<\/div>\n\t\t\t\t\t<\/div>\n\t\t<\/section>\n\t\t\t\t<section class=\"elementor-section elementor-top-section elementor-element elementor-element-b9c5a22 elementor-section-boxed elementor-section-height-default elementor-section-height-default\" data-id=\"b9c5a22\" data-element_type=\"section\">\n\t\t\t\t\t\t<div class=\"elementor-container elementor-column-gap-default\">\n\t\t\t\t\t<div class=\"elementor-column elementor-col-50 elementor-top-column elementor-element elementor-element-fe1f294\" data-id=\"fe1f294\" data-element_type=\"column\">\n\t\t\t<div class=\"elementor-widget-wrap elementor-element-populated\">\n\t\t\t\t\t\t<div class=\"elementor-element elementor-element-ce5ea7e elementor-widget elementor-widget-image\" data-id=\"ce5ea7e\" data-element_type=\"widget\" data-widget_type=\"image.default\">\n\t\t\t\t<div class=\"elementor-widget-container\">\n\t\t\t\t\t\t\t\t\t\t\t\t\t\t\t<img loading=\"lazy\" decoding=\"async\" width=\"768\" height=\"1024\" src=\"https:\/\/foodsco.ci\/wp-content\/uploads\/2022\/11\/5-768x1024.jpg\" class=\"attachment-large size-large wp-image-9720\" alt=\"\" srcset=\"https:\/\/foodsco.ci\/wp-content\/uploads\/2022\/11\/5-768x1024.jpg 768w, https:\/\/foodsco.ci\/wp-content\/uploads\/2022\/11\/5-225x300.jpg 225w, https:\/\/foodsco.ci\/wp-content\/uploads\/2022\/11\/5-9x12.jpg 9w, https:\/\/foodsco.ci\/wp-content\/uploads\/2022\/11\/5.jpg 864w\" sizes=\"(max-width: 768px) 100vw, 768px\" \/>\t\t\t\t\t\t\t\t\t\t\t\t\t\t\t<\/div>\n\t\t\t\t<\/div>\n\t\t\t\t<div class=\"elementor-element elementor-element-5c96e72 elementor-widget elementor-widget-text-editor\" data-id=\"5c96e72\" data-element_type=\"widget\" data-widget_type=\"text-editor.default\">\n\t\t\t\t<div class=\"elementor-widget-container\">\n\t\t\t\t\t\t\t\t\t<p style=\"text-align: justify;font-weight: bold; font-size: 18px\" >Le ministre en charge du Commerce et de l&#8217;Industrie, Monsieur Souleymane DIARRASSOUBA au stand de FOODS\u2019CO <\/p>\t\t\t\t\t\t\t\t<\/div>\n\t\t\t\t<\/div>\n\t\t\t\t\t<\/div>\n\t\t<\/div>\n\t\t\t\t<div class=\"elementor-column elementor-col-50 elementor-top-column elementor-element elementor-element-8c6955b\" data-id=\"8c6955b\" data-element_type=\"column\">\n\t\t\t<div class=\"elementor-widget-wrap elementor-element-populated\">\n\t\t\t\t\t\t<div class=\"elementor-element elementor-element-f252bfe elementor-widget elementor-widget-image\" data-id=\"f252bfe\" data-element_type=\"widget\" data-widget_type=\"image.default\">\n\t\t\t\t<div class=\"elementor-widget-container\">\n\t\t\t\t\t\t\t\t\t\t\t\t\t\t\t<img loading=\"lazy\" decoding=\"async\" width=\"1024\" height=\"767\" src=\"https:\/\/foodsco.ci\/wp-content\/uploads\/2022\/11\/1-1024x767.jpg\" class=\"attachment-large size-large wp-image-9721\" alt=\"\" srcset=\"https:\/\/foodsco.ci\/wp-content\/uploads\/2022\/11\/1-1024x767.jpg 1024w, https:\/\/foodsco.ci\/wp-content\/uploads\/2022\/11\/1-300x225.jpg 300w, https:\/\/foodsco.ci\/wp-content\/uploads\/2022\/11\/1-768x575.jpg 768w, https:\/\/foodsco.ci\/wp-content\/uploads\/2022\/11\/1-16x12.jpg 16w, https:\/\/foodsco.ci\/wp-content\/uploads\/2022\/11\/1.jpg 1080w\" sizes=\"(max-width: 1024px) 100vw, 1024px\" \/>\t\t\t\t\t\t\t\t\t\t\t\t\t\t\t<\/div>\n\t\t\t\t<\/div>\n\t\t\t\t<div class=\"elementor-element elementor-element-5195f94 elementor-widget elementor-widget-image\" data-id=\"5195f94\" data-element_type=\"widget\" data-widget_type=\"image.default\">\n\t\t\t\t<div class=\"elementor-widget-container\">\n\t\t\t\t\t\t\t\t\t\t\t\t\t\t\t<img loading=\"lazy\" decoding=\"async\" width=\"1024\" height=\"767\" src=\"https:\/\/foodsco.ci\/wp-content\/uploads\/2022\/11\/6-1024x767.jpg\" class=\"attachment-large size-large wp-image-9722\" alt=\"\" srcset=\"https:\/\/foodsco.ci\/wp-content\/uploads\/2022\/11\/6-1024x767.jpg 1024w, https:\/\/foodsco.ci\/wp-content\/uploads\/2022\/11\/6-300x225.jpg 300w, https:\/\/foodsco.ci\/wp-content\/uploads\/2022\/11\/6-768x575.jpg 768w, https:\/\/foodsco.ci\/wp-content\/uploads\/2022\/11\/6-16x12.jpg 16w, https:\/\/foodsco.ci\/wp-content\/uploads\/2022\/11\/6.jpg 1080w\" sizes=\"(max-width: 1024px) 100vw, 1024px\" \/>\t\t\t\t\t\t\t\t\t\t\t\t\t\t\t<\/div>\n\t\t\t\t<\/div>\n\t\t\t\t\t<\/div>\n\t\t<\/div>\n\t\t\t\t\t<\/div>\n\t\t<\/section>\n\t\t\t\t<section class=\"elementor-section elementor-top-section elementor-element elementor-element-56412d5 elementor-section-boxed elementor-section-height-default elementor-section-height-default\" data-id=\"56412d5\" data-element_type=\"section\">\n\t\t\t\t\t\t<div class=\"elementor-container elementor-column-gap-default\">\n\t\t\t\t\t<div class=\"elementor-column elementor-col-50 elementor-top-column elementor-element elementor-element-656b2dd\" data-id=\"656b2dd\" data-element_type=\"column\">\n\t\t\t<div class=\"elementor-widget-wrap elementor-element-populated\">\n\t\t\t\t\t\t<div class=\"elementor-element elementor-element-1b8943a elementor-widget elementor-widget-image\" data-id=\"1b8943a\" data-element_type=\"widget\" data-widget_type=\"image.default\">\n\t\t\t\t<div class=\"elementor-widget-container\">\n\t\t\t\t\t\t\t\t\t\t\t\t\t\t\t<img loading=\"lazy\" decoding=\"async\" width=\"1024\" height=\"767\" src=\"https:\/\/foodsco.ci\/wp-content\/uploads\/2022\/11\/3-1024x767.jpg\" class=\"attachment-large size-large wp-image-9726\" alt=\"\" srcset=\"https:\/\/foodsco.ci\/wp-content\/uploads\/2022\/11\/3-1024x767.jpg 1024w, https:\/\/foodsco.ci\/wp-content\/uploads\/2022\/11\/3-300x225.jpg 300w, https:\/\/foodsco.ci\/wp-content\/uploads\/2022\/11\/3-768x575.jpg 768w, https:\/\/foodsco.ci\/wp-content\/uploads\/2022\/11\/3-16x12.jpg 16w, https:\/\/foodsco.ci\/wp-content\/uploads\/2022\/11\/3.jpg 1080w\" sizes=\"(max-width: 1024px) 100vw, 1024px\" \/>\t\t\t\t\t\t\t\t\t\t\t\t\t\t\t<\/div>\n\t\t\t\t<\/div>\n\t\t\t\t\t<\/div>\n\t\t<\/div>\n\t\t\t\t<div class=\"elementor-column elementor-col-50 elementor-top-column elementor-element elementor-element-5615dac\" data-id=\"5615dac\" data-element_type=\"column\">\n\t\t\t<div class=\"elementor-widget-wrap elementor-element-populated\">\n\t\t\t\t\t\t<div class=\"elementor-element elementor-element-6b36dd6 elementor-widget elementor-widget-image\" data-id=\"6b36dd6\" data-element_type=\"widget\" data-widget_type=\"image.default\">\n\t\t\t\t<div class=\"elementor-widget-container\">\n\t\t\t\t\t\t\t\t\t\t\t\t\t\t\t<img loading=\"lazy\" decoding=\"async\" width=\"1024\" height=\"767\" src=\"https:\/\/foodsco.ci\/wp-content\/uploads\/2022\/11\/6-1-1024x767.jpg\" class=\"attachment-large size-large wp-image-9727\" alt=\"\" srcset=\"https:\/\/foodsco.ci\/wp-content\/uploads\/2022\/11\/6-1-1024x767.jpg 1024w, https:\/\/foodsco.ci\/wp-content\/uploads\/2022\/11\/6-1-300x225.jpg 300w, https:\/\/foodsco.ci\/wp-content\/uploads\/2022\/11\/6-1-768x575.jpg 768w, https:\/\/foodsco.ci\/wp-content\/uploads\/2022\/11\/6-1-16x12.jpg 16w, https:\/\/foodsco.ci\/wp-content\/uploads\/2022\/11\/6-1.jpg 1080w\" sizes=\"(max-width: 1024px) 100vw, 1024px\" \/>\t\t\t\t\t\t\t\t\t\t\t\t\t\t\t<\/div>\n\t\t\t\t<\/div>\n\t\t\t\t\t<\/div>\n\t\t<\/div>\n\t\t\t\t\t<\/div>\n\t\t<\/section>\n\t\t\t\t<\/div>","protected":false},"excerpt":{"rendered":"<p>\u00ab\u00a0Cashew Connect\u00a0\u00bb, le Salon qui vise l\u2019acc\u00e8s du cajou ivoirien au march\u00e9 britannique FOODS&#8217;CO au \u00abCashew Connect\u00bb C\u00f4te d&#8217;Ivoire du 24 au 25 novembre \u00e0 l&#8217;auditorium de l&#8217;immeuble Caistab au&#8230;<\/p>","protected":false},"author":1,"featured_media":0,"parent":0,"menu_order":0,"comment_status":"closed","ping_status":"closed","template":"","meta":{"footnotes":""},"class_list":["post-9670","page","type-page","status-publish"],"_links":{"self":[{"href":"https:\/\/foodsco.ci\/fr\/wp-json\/wp\/v2\/pages\/9670","targetHints":{"allow":["GET"]}}],"collection":[{"href":"https:\/\/foodsco.ci\/fr\/wp-json\/wp\/v2\/pages"}],"about":[{"href":"https:\/\/foodsco.ci\/fr\/wp-json\/wp\/v2\/types\/page"}],"author":[{"embeddable":true,"href":"https:\/\/foodsco.ci\/fr\/wp-json\/wp\/v2\/users\/1"}],"replies":[{"embeddable":true,"href":"https:\/\/foodsco.ci\/fr\/wp-json\/wp\/v2\/comments?post=9670"}],"version-history":[{"count":48,"href":"https:\/\/foodsco.ci\/fr\/wp-json\/wp\/v2\/pages\/9670\/revisions"}],"predecessor-version":[{"id":9735,"href":"https:\/\/foodsco.ci\/fr\/wp-json\/wp\/v2\/pages\/9670\/revisions\/9735"}],"wp:attachment":[{"href":"https:\/\/foodsco.ci\/fr\/wp-json\/wp\/v2\/media?parent=9670"}],"curies":[{"name":"wp","href":"https:\/\/api.w.org\/{rel}","templated":true}]}}