{"id":6049,"date":"2020-08-11T11:24:13","date_gmt":"2020-08-11T09:24:13","guid":{"rendered":"http:\/\/foodsco.solin-ci.com\/?page_id=6049"},"modified":"2022-06-15T10:29:26","modified_gmt":"2022-06-15T10:29:26","slug":"a-propos","status":"publish","type":"page","link":"https:\/\/foodsco.ci\/fr\/a-propos\/","title":{"rendered":"\u00c0 Propos de nous"},"content":{"rendered":"[vc_row type=&#8221;full_width_background&#8221; full_screen_row_position=&#8221;middle&#8221; column_margin=&#8221;default&#8221; column_direction=&#8221;default&#8221; column_direction_tablet=&#8221;default&#8221; column_direction_phone=&#8221;default&#8221; bg_color=&#8221;#ffffff&#8221; scene_position=&#8221;center&#8221; top_padding=&#8221;6%&#8221; bottom_padding=&#8221;6%&#8221; text_color=&#8221;dark&#8221; text_align=&#8221;left&#8221; row_border_radius=&#8221;none&#8221; row_border_radius_applies=&#8221;bg&#8221; overlay_strength=&#8221;0.3&#8243; gradient_direction=&#8221;left_to_right&#8221; shape_divider_position=&#8221;bottom&#8221; bg_image_animation=&#8221;none&#8221; shape_type=&#8221;&#8221;][vc_column column_padding=&#8221;no-extra-padding&#8221; column_padding_tablet=&#8221;inherit&#8221; column_padding_phone=&#8221;inherit&#8221; column_padding_position=&#8221;all&#8221; background_color_opacity=&#8221;1&#8243; background_hover_color_opacity=&#8221;1&#8243; column_shadow=&#8221;none&#8221; column_border_radius=&#8221;none&#8221; column_link_target=&#8221;_self&#8221; gradient_direction=&#8221;left_to_right&#8221; overlay_strength=&#8221;0.3&#8243; width=&#8221;1\/2&#8243; tablet_width_inherit=&#8221;default&#8221; tablet_text_alignment=&#8221;default&#8221; phone_text_alignment=&#8221;default&#8221; column_border_width=&#8221;none&#8221; column_border_style=&#8221;solid&#8221; bg_image_animation=&#8221;none&#8221;][nectar_video_lightbox link_style=&#8221;play_button_with_text&#8221; nectar_play_button_color=&#8221;Default-Accent-Color&#8221; nectar_play_button_style=&#8221;default&#8221; font_style=&#8221;p&#8221; link_text=&#8221;https:\/\/www.youtube.com\/watch?v=6bE9Ziib9gg&#8221; video_url=&#8221;https:\/\/www.youtube.com\/watch?v=6bE9Ziib9gg&#8221;][nectar_video_lightbox link_style=&#8221;play_button_with_text&#8221; nectar_play_button_color=&#8221;Default-Accent-Color&#8221; nectar_play_button_style=&#8221;default&#8221; font_style=&#8221;p&#8221; video_url=&#8221;https:\/\/www.youtube.com\/watch?v=6bE9Ziib9gg&#8221; link_text=&#8221;https:\/\/youtu.be\/b86k900nrNI&#8221;][nectar_video_lightbox link_style=&#8221;play_button_with_text&#8221; nectar_play_button_color=&#8221;Default-Accent-Color&#8221; nectar_play_button_style=&#8221;default&#8221; font_style=&#8221;p&#8221; video_url=&#8221;https:\/\/youtu.be\/rZlePrYmeFg&#8221; link_text=&#8221;https:\/\/youtu.be\/rZlePrYmeFg&#8221;][vc_column_text]\n<h1>PRESENTATION FOOD&#8217;S CO SA<\/h1>\n<p>Personne ressource majeure du secteur de l&#8217;anacarde en C\u00f4te d&#8217;Ivoire,<br \/>\nayant \u00e0 son actif plusieurs r\u00e9alisation de projets d&#8217;usine de transformation agro alimentaire dont 3 majeures en C\u00f4te d&#8217;Ivoire, Expert SANOGO \u00e0 atteint sa cons\u00e9cration dans le complexe agro alimentaire de Foods Co \u00e0 Beoumi, sa terre natale.<br \/>\nAinsi, d\u00e9but\u00e9 en Nov. 2018 par la cr\u00e9ation de la Coop\u00e9rative CAREBIO (Roucou &amp; Cajou Bio &amp; Ethique), l&#8217;usine de B\u00e9oumi est rentr\u00e9e en production en janvier 2020 apr\u00e8s 8 mois de chantier pour son premier module de production avec 25 ton\/jour de d\u00e9corticage, 6 ton\/jour de roasting et conditionnement en sachet 80 et 30g.<br \/>\nAinsi, des Novembre 2020, Foods Co, cet embryon de l&#8217;usine de transformation r\u00e9ussi l&#8217;exploit de faire certifier son syst\u00e8me de production et assurance qualit\u00e9, HACCP selon le codex alimentarius.<br \/>\n3 mois apr\u00e8s, il obtient le certificat Kosher (BIR, Manchester uk)<br \/>\nTous ces visas lui ouvrent ainsi les march\u00e9s les plus complexes comme les USA, le Japon, l&#8217;Europe et l&#8217;Asie en g\u00e9n\u00e9ral.<br \/>\nLes produits finis pour snack sous la marque Anacadi, ainsi que la p\u00e2te culinaire en pots et sceau font leur entr\u00e9e dans la grande distribution et les supermarch\u00e9s d\u00e8s Octobre 2020 avec un super bon accueil du march\u00e9.<br \/>\nFoods Co est reconnue pour son impact socio &#8211; economique directement par son ensemble agro industriel, mais aussi par le truchement de sa Coop\u00e9rative CAREBIO dans la r\u00e9gion de B\u00e9oumi,<br \/>\n( 1er employeur, arbre de No\u00ebl pour 800 enfants de moins de 10 ans en D\u00e9cembre 2020, animation d&#8217;une Coop\u00e9rative de 2 000 planteurs actifs, promotion du genre avec 60% d&#8217;emplois f\u00e9minin, diverses actions et contributions \u00e0 haute port\u00e9 sociale)<br \/>\nAinsi, l&#8217;un dans l&#8217;autre,<br \/>\n1 mois apr\u00e8s son 1er anniversaire,<br \/>\nLe 6 f\u00e9vrier 2021, \u00e0 l&#8217;occasion de son Inauguration officielle,<br \/>\nFood&#8217;s Co pr\u00e9sentait son troph\u00e9e de &#8221; Meilleur entreprise agro alimentaire &#8221; pour l&#8217;ann\u00e9e 2020 ( Awards des Entreprises 2020)<br \/>\nobtenu de haute lutte, face \u00e0 d&#8217;autres tr\u00e8s grandes entreprises nominees de plus de 2 d\u00e9cennies d&#8217;activit\u00e9.<br \/>\nFoods Co travaille encore \u00e0 lever beaucoup d&#8217;autres challenges \u00e0 la hauteur de ses ambitions d&#8217;agro-industrie de r\u00e9f\u00e9rence dans la sous r\u00e9gion dans le secteur du cajou:<br \/>\nD\u00e8s le 2nd trimestre 2021,<br \/>\nL&#8217;expertise du m\u00e9tier sous contr\u00f4le et en chemin vers la certification BRC,<br \/>\nLe chantier d&#8217;extension est lanc\u00e9 pour homog\u00e9n\u00e9iser la capacit\u00e9 de traitement \u00e0 75 tons de noix par jour.<br \/>\nDe m\u00eame, en janvier 2021, l&#8217;action agressive de vulgarisation des ptoduits d\u00e9riv\u00e9s du cajou ( p\u00e2te culinaire notamment) sur le march\u00e9 local est engag\u00e9e.<\/p>\n<p>Sous son leitmotiv &#8221; Des produits de tr\u00e8s haut niveau technologique v\u00e9hiculant des valeurs culturelles fortes&#8221;,<\/p>\n<p>Foods Co S.A, se pr\u00e9vaut du label de 1\u00e8re Entreprise \u00e0 100% de capitaux nationaux<br \/>\nde ce niveau de technicit\u00e9, d&#8217;expertise interne, de cette fiabilit\u00e9 op\u00e9rationnelle, et de cette viabilit\u00e9 \u00e9conomique de r\u00e9f\u00e9rence dans le secteur;<br \/>\nEt cela en d\u00e9pit de son tr\u00e8s jeune \u00e2ge.[\/vc_column_text][\/vc_column][vc_column column_padding=&#8221;no-extra-padding&#8221; column_padding_tablet=&#8221;inherit&#8221; column_padding_phone=&#8221;inherit&#8221; column_padding_position=&#8221;all&#8221; background_color_opacity=&#8221;1&#8243; background_hover_color_opacity=&#8221;1&#8243; column_shadow=&#8221;none&#8221; column_border_radius=&#8221;none&#8221; column_link_target=&#8221;_self&#8221; gradient_direction=&#8221;left_to_right&#8221; overlay_strength=&#8221;0.3&#8243; width=&#8221;1\/2&#8243; tablet_width_inherit=&#8221;default&#8221; tablet_text_alignment=&#8221;default&#8221; phone_text_alignment=&#8221;default&#8221; column_border_width=&#8221;none&#8221; column_border_style=&#8221;solid&#8221; bg_image_animation=&#8221;none&#8221;]<div class=\"img-with-aniamtion-wrap center\" data-max-width=\"100%\" data-border-radius=\"none\">\n      <div class=\"inner\">\n        <img fetchpriority=\"high\" decoding=\"async\" class=\"img-with-animation\" data-shadow=\"none\" data-shadow-direction=\"middle\" data-delay=\"0\" height=\"1024\" width=\"768\" data-animation=\"fade-in\" src=\"https:\/\/foodsco.ci\/wp-content\/uploads\/2020\/12\/WhatsApp-Image-2020-12-15-at-11.11.21.jpeg\" alt=\"\" srcset=\"https:\/\/foodsco.ci\/wp-content\/uploads\/2020\/12\/WhatsApp-Image-2020-12-15-at-11.11.21.jpeg 768w, https:\/\/foodsco.ci\/wp-content\/uploads\/2020\/12\/WhatsApp-Image-2020-12-15-at-11.11.21-225x300.jpeg 225w\" sizes=\"100vw\" \/>\n      <\/div>\n    <\/div>[vc_text_separator title=&#8221;L&#8217;HISTOIRE DE FOODS&#8217;CO S.A. et SON FONDATEUR&#8221; i_icon_fontawesome=&#8221;fa fa-id-card-o&#8221; i_size=&#8221;lg&#8221; color=&#8221;juicy_pink&#8221; border_width=&#8221;10&#8243; add_icon=&#8221;true&#8221;][vc_column_text]\n<h3>Qui sommes nous ?<\/h3>\n<h2>EXPERT SANOGO<\/h2>\n<p>Expert agr\u00e9\u00e9 en agro- industrie aupr\u00e8s des Cours d&#8217;appel des tribunaux d&#8217;Abidjan et aussi du Tribunal de Commerce..<\/p>\n<p>Ing\u00e9nieur industriel de mon \u00e9tat, avec une tr\u00e8s forte exp\u00e9rience de plus de 30 ans dans l&#8217;industrie \u00e0 l&#8217;international comme localement aussi bien dans l&#8217;exploitation ( de chef de d\u00e9partement alimentaire UNILEVER , Directeur Technique Colgate Pamolive, Uniwax, OLAM&#8230;) dans la cr\u00e9ation et la r\u00e9alisation de projets industriels ( Tucogras TUNIS, industrie pharmaceutique \u00e0 Abidjan, INC Azaguiee, Olam Bouak\u00e9&#8230;)<\/p>\n<p>Via Expert SANOGO, des r\u00e9alisations de projets industriels majeures qui ont permis de constituer un capital qui, avec l&#8217;appui de d&#8217;autres partenaires financiers \u00e9trangers et locaux, m&#8217;ont permis de cr\u00e9er FOODS&#8217;CO S.A. en capitalisant la forte exp\u00e9rience et mon r\u00e9seau de partenariat technique et mon relationnel ;<br \/>\nEt ce sur ma terre natale de BEOUMI&#8230;<\/p>\n<h2>MA FORMATION DE BASE<\/h2>\n<p>(Si tu as ton enfant, envoies le \u00e0 l&#8217;\u00e9cole)<\/p>\n<p><span style=\"color: #ff0000;\"><strong><em>&#8211; Ing\u00e9nieur industriel<\/em><\/strong><\/span><br \/>\n<span style=\"color: #ff0000;\"><strong><em>&#8211; Dess\/ CAAE<\/em><\/strong><\/span><br \/>\n<span style=\"color: #ff0000;\"><strong><em>&#8211; AMP \/ MDE- IESE <\/em><\/strong><\/span><\/p>\n<h2>QUELQUES REFERENCES<\/h2>\n<ul>\n<li>Membre de l&#8217;acad\u00e9mie de &#8221; yellow fats&#8221; de Unilever<\/li>\n<li>Inspecteur des \u00e9tablissements class\u00e9s (chlore ) pour colgate Afrique et Moyen Orient<\/li>\n<li>Membre du Comit\u00e9 de revue Strat\u00e9gique de Vlisco 2010<\/li>\n<li>Cr\u00e9ateur de HPC industries S.A par la reprise des immo de Colgate Abidjan<\/li>\n<li>Initiateur et ma\u00eetre d&#8217;\u0153uvre du projet Cuir et Peau de C\u00f4te d&#8217;Ivoire (Attiecoube pour l&#8217;insertion de 500 jeunes )<\/li>\n<li>Fondateur et Directeur de Foods&#8217;Co S.A.<\/li>\n<\/ul>\n<h2>CIRCONSTANCES FAVORISANTES<\/h2>\n<ol>\n<li>Formation et mon exp\u00e9rience<\/li>\n<li>Environnement incitatif cr\u00e9\u00e9 par l&#8217;\u00e9tat<\/li>\n<li>Performance remarquable du CCA dans la gestion de la fili\u00e8re<\/li>\n<li>Histoire et parcours personnelle<\/li>\n<li>Minimum de capital constitu\u00e9e dans mes r\u00e9alisations industrielles pr\u00e9c\u00e9dentes pour les autres<\/li>\n<li>R\u00e9seau relationnel<\/li>\n<\/ol>\n<h2>HISTORIQUE Foods&#8217;Co S.A.<\/h2>\n<p>Foods Co cr\u00e9\u00e9 en 2018<br \/>\nPar le lancement simultan\u00e9e du projet de construction de l&#8217;unit\u00e9 de production<br \/>\net la cr\u00e9ation de sa Coop\u00e9rative CAREBIO.<\/p>\n<p>D\u00e9marrage de l&#8217;usine fin d&#8217;ann\u00e9e 2019 \u00e0 20 ton par jour.<\/p>\n<p>Des 2020, certification HACCP. Puis Kosher .<\/p>\n<p>1ere augmentation de capacit\u00e9 \u00e0 40t\/j<\/p>\n<p>2021: 2nde augmentation<br \/>\nde capacit\u00e9 \u00e0 60 t\/j noix brute<\/p>\n<p>Certification BRC version 8 et FSMA En d\u00e9cembre 2021<br \/>\nHISSANT FOODS CO AU PLUS HAUT NIVEAU DE STANDARD DE QUALITE ALIMENTAIRE DANS LE MONDE DE L&#8217;INDUSTRIE ALIMENTAIRE, EN DEPIT DE SA POSITION EN CAMPAGNE..<\/p>\n<h2>Les reconnaissances, distinctions et autres prix obtenus<\/h2>\n<ol>\n<li>Meilleure industrie alimentaire ( <strong>Awards 2020<\/strong> Radison Blue)<\/li>\n<li><strong>Prix Africain<\/strong> du d\u00e9veloppement <strong>Kigali 2021<\/strong><\/li>\n<li>Prix manager <strong>BtoB Duba\u00ef 2021<\/strong><\/li>\n<li>Prix <strong>Manager Africain 2021 (Washington)<\/strong>, \u00e0 recevoir le 23 avril 2023 \u00e0 Washington<\/li>\n<li><strong>Prix des Artisans nationaux du d\u00e9veloppement 2021<\/strong><\/li>\n<\/ol>\n<p><strong>Je suis n\u00e9 \u00e0 Beoumi<\/strong> le 24 janvier 1964 de <strong>Dougoutigui SANOGO<\/strong>, <strong>haut dignitaire de Beoumi depuis l&#8217;administration coloniale<\/strong> qui a construit la quasi totalit\u00e9 des infrastructures de base de la r\u00e9gion de B\u00e9oumi ( \u00e9coles primaires, dispensaires, 1er pont sur le kan, etc)<\/p>\n<p>C&#8217;est <strong>ma m\u00e8re<\/strong> qui est de la <strong>famille royale de Sakassou<\/strong> \u00e0 c\u00f4t\u00e9.<\/p>\n<h3>Mon parcours scolaire<\/h3>\n<p>EPP Beoumi, COB Bouak\u00e9, lyc\u00e9e scientifique Yamoussoukro, \u00c9cole d&#8217;ing\u00e9nieur ENSIA Yamoussoukro, universit\u00e9 d&#8217;Abidjan DESS, MDE- IESE Barcelone pour AMP.[\/vc_column_text][\/vc_column][\/vc_row][vc_row type=&#8221;in_container&#8221; full_screen_row_position=&#8221;middle&#8221; column_margin=&#8221;default&#8221; column_direction=&#8221;default&#8221; column_direction_tablet=&#8221;default&#8221; column_direction_phone=&#8221;default&#8221; scene_position=&#8221;center&#8221; text_color=&#8221;dark&#8221; text_align=&#8221;left&#8221; row_border_radius=&#8221;none&#8221; row_border_radius_applies=&#8221;bg&#8221; overlay_strength=&#8221;0.3&#8243; gradient_direction=&#8221;left_to_right&#8221; shape_divider_position=&#8221;bottom&#8221; bg_image_animation=&#8221;none&#8221;][vc_column column_padding=&#8221;no-extra-padding&#8221; column_padding_tablet=&#8221;inherit&#8221; column_padding_phone=&#8221;inherit&#8221; column_padding_position=&#8221;all&#8221; background_color_opacity=&#8221;1&#8243; background_hover_color_opacity=&#8221;1&#8243; column_shadow=&#8221;none&#8221; column_border_radius=&#8221;none&#8221; column_link_target=&#8221;_self&#8221; gradient_direction=&#8221;left_to_right&#8221; overlay_strength=&#8221;0.3&#8243; width=&#8221;1\/1&#8243; tablet_width_inherit=&#8221;default&#8221; tablet_text_alignment=&#8221;default&#8221; phone_text_alignment=&#8221;default&#8221; column_border_width=&#8221;none&#8221; column_border_style=&#8221;solid&#8221; bg_image_animation=&#8221;none&#8221;][\/vc_column][\/vc_row][vc_row type=&#8221;in_container&#8221; full_screen_row_position=&#8221;middle&#8221; column_margin=&#8221;default&#8221; column_direction=&#8221;default&#8221; column_direction_tablet=&#8221;default&#8221; column_direction_phone=&#8221;default&#8221; scene_position=&#8221;center&#8221; text_color=&#8221;dark&#8221; text_align=&#8221;left&#8221; row_border_radius=&#8221;none&#8221; row_border_radius_applies=&#8221;bg&#8221; overlay_strength=&#8221;0.3&#8243; gradient_direction=&#8221;left_to_right&#8221; shape_divider_position=&#8221;bottom&#8221; bg_image_animation=&#8221;none&#8221;][vc_column column_padding=&#8221;no-extra-padding&#8221; column_padding_tablet=&#8221;inherit&#8221; column_padding_phone=&#8221;inherit&#8221; column_padding_position=&#8221;all&#8221; background_color_opacity=&#8221;1&#8243; background_hover_color_opacity=&#8221;1&#8243; column_shadow=&#8221;none&#8221; column_border_radius=&#8221;none&#8221; column_link_target=&#8221;_self&#8221; gradient_direction=&#8221;left_to_right&#8221; overlay_strength=&#8221;0.3&#8243; width=&#8221;1\/2&#8243; tablet_width_inherit=&#8221;default&#8221; tablet_text_alignment=&#8221;default&#8221; phone_text_alignment=&#8221;default&#8221; column_border_width=&#8221;none&#8221; column_border_style=&#8221;solid&#8221; bg_image_animation=&#8221;none&#8221;][vc_column_text]-Nom de la structure : FOOD&#8217;S CO S.A.<\/p>\n<p>-Marque des Produits<br \/>\nFoods Co &amp; Anacadi<\/p>\n<p>-Adresse g\u00e9ographique<br \/>\nSi\u00e8ge social 144, rue des jardins 2plateaux les vallons<\/p>\n<p>Usine B\u00e9oumi prox lyc\u00e9e moderne<\/p>\n<p>-Nom du responsable<br \/>\nM. SANOGO Tahirou<\/p>\n<p>-Email<br \/>\ntahirou11@hotmail.com<\/p>\n<p>-Nature et d\u00e9tails de l\u2019activit\u00e9<br \/>\nAgro industrie &#8211; transformation de noix de cajou &#8211; commercialisation de produits d\u00e9riv\u00e9s<\/p>\n<p>-Vos produits<br \/>\n# Amandes blanches en cartons de 50 ou 25 lbs ( bag in box sous vide et gaz conservateurs )<br \/>\n# amandes grill\u00e9es divers pour snack en vrac, ou sachets de 80 ou 30g sous azote en carton pour supermarch\u00e9s, p\u00e2te de cajou en seaux scell\u00e9s de 12kg ou pots de 500g scell\u00e9s.<\/p>\n<p>-Page Facebook<\/p>\n<p>Anacadi Foods&#8217;Co<\/p>\n<p>Site web: www.foodsco.ci[\/vc_column_text][\/vc_column][vc_column column_padding=&#8221;no-extra-padding&#8221; column_padding_tablet=&#8221;inherit&#8221; column_padding_phone=&#8221;inherit&#8221; column_padding_position=&#8221;all&#8221; background_color_opacity=&#8221;1&#8243; background_hover_color_opacity=&#8221;1&#8243; column_shadow=&#8221;none&#8221; column_border_radius=&#8221;none&#8221; column_link_target=&#8221;_self&#8221; gradient_direction=&#8221;left_to_right&#8221; overlay_strength=&#8221;0.3&#8243; width=&#8221;1\/2&#8243; tablet_width_inherit=&#8221;default&#8221; tablet_text_alignment=&#8221;default&#8221; phone_text_alignment=&#8221;default&#8221; column_border_width=&#8221;none&#8221; column_border_style=&#8221;solid&#8221; bg_image_animation=&#8221;none&#8221;]<div class=\"img-with-aniamtion-wrap right\" data-max-width=\"100%\" data-border-radius=\"none\">\n      <div class=\"inner\">\n        <img decoding=\"async\" class=\"img-with-animation\" data-shadow=\"none\" data-shadow-direction=\"middle\" data-delay=\"0\" height=\"667\" width=\"500\" data-animation=\"fade-in\" src=\"https:\/\/foodsco.ci\/wp-content\/uploads\/2020\/12\/WhatsApp-Image-2020-12-21-at-10.57.37-e1608643728536.jpeg\" alt=\"\"  \/>\n      <\/div>\n    <\/div>[\/vc_column][\/vc_row][vc_row type=&#8221;in_container&#8221; full_screen_row_position=&#8221;middle&#8221; column_margin=&#8221;default&#8221; column_direction=&#8221;default&#8221; column_direction_tablet=&#8221;default&#8221; column_direction_phone=&#8221;default&#8221; scene_position=&#8221;center&#8221; text_color=&#8221;dark&#8221; text_align=&#8221;left&#8221; row_border_radius=&#8221;none&#8221; row_border_radius_applies=&#8221;bg&#8221; overlay_strength=&#8221;0.3&#8243; gradient_direction=&#8221;left_to_right&#8221; shape_divider_position=&#8221;bottom&#8221; bg_image_animation=&#8221;none&#8221;][vc_column column_padding=&#8221;no-extra-padding&#8221; column_padding_tablet=&#8221;inherit&#8221; column_padding_phone=&#8221;inherit&#8221; column_padding_position=&#8221;all&#8221; background_color_opacity=&#8221;1&#8243; background_hover_color_opacity=&#8221;1&#8243; column_shadow=&#8221;none&#8221; column_border_radius=&#8221;none&#8221; column_link_target=&#8221;_self&#8221; gradient_direction=&#8221;left_to_right&#8221; overlay_strength=&#8221;0.3&#8243; width=&#8221;1\/1&#8243; tablet_width_inherit=&#8221;default&#8221; tablet_text_alignment=&#8221;default&#8221; phone_text_alignment=&#8221;default&#8221; column_border_width=&#8221;none&#8221; column_border_style=&#8221;solid&#8221; bg_image_animation=&#8221;none&#8221;][\/vc_column][\/vc_row]","protected":false},"excerpt":{"rendered":"<p>[vc_row type=&#8221;full_width_background&#8221; full_screen_row_position=&#8221;middle&#8221; column_margin=&#8221;default&#8221; column_direction=&#8221;default&#8221; column_direction_tablet=&#8221;default&#8221; column_direction_phone=&#8221;default&#8221; bg_color=&#8221;#ffffff&#8221; scene_position=&#8221;center&#8221; top_padding=&#8221;6%&#8221; bottom_padding=&#8221;6%&#8221; text_color=&#8221;dark&#8221; text_align=&#8221;left&#8221; row_border_radius=&#8221;none&#8221; row_border_radius_applies=&#8221;bg&#8221; overlay_strength=&#8221;0.3&#8243; gradient_direction=&#8221;left_to_right&#8221; shape_divider_position=&#8221;bottom&#8221; bg_image_animation=&#8221;none&#8221; shape_type=&#8221;&#8221;][vc_column column_padding=&#8221;no-extra-padding&#8221; column_padding_tablet=&#8221;inherit&#8221; column_padding_phone=&#8221;inherit&#8221; column_padding_position=&#8221;all&#8221; background_color_opacity=&#8221;1&#8243; background_hover_color_opacity=&#8221;1&#8243; column_shadow=&#8221;none&#8221; column_border_radius=&#8221;none&#8221; column_link_target=&#8221;_self&#8221; gradient_direction=&#8221;left_to_right&#8221;&#8230;<\/p>","protected":false},"author":1,"featured_media":0,"parent":0,"menu_order":0,"comment_status":"closed","ping_status":"closed","template":"","meta":{"footnotes":""},"class_list":["post-6049","page","type-page","status-publish"],"_links":{"self":[{"href":"https:\/\/foodsco.ci\/fr\/wp-json\/wp\/v2\/pages\/6049","targetHints":{"allow":["GET"]}}],"collection":[{"href":"https:\/\/foodsco.ci\/fr\/wp-json\/wp\/v2\/pages"}],"about":[{"href":"https:\/\/foodsco.ci\/fr\/wp-json\/wp\/v2\/types\/page"}],"author":[{"embeddable":true,"href":"https:\/\/foodsco.ci\/fr\/wp-json\/wp\/v2\/users\/1"}],"replies":[{"embeddable":true,"href":"https:\/\/foodsco.ci\/fr\/wp-json\/wp\/v2\/comments?post=6049"}],"version-history":[{"count":22,"href":"https:\/\/foodsco.ci\/fr\/wp-json\/wp\/v2\/pages\/6049\/revisions"}],"predecessor-version":[{"id":8165,"href":"https:\/\/foodsco.ci\/fr\/wp-json\/wp\/v2\/pages\/6049\/revisions\/8165"}],"wp:attachment":[{"href":"https:\/\/foodsco.ci\/fr\/wp-json\/wp\/v2\/media?parent=6049"}],"curies":[{"name":"wp","href":"https:\/\/api.w.org\/{rel}","templated":true}]}}